{"id":70,"date":"2013-10-27T16:30:19","date_gmt":"2013-10-27T14:30:19","guid":{"rendered":"http:\/\/hund-und-mensch-gemeinsam.de\/?page_id=70"},"modified":"2024-10-29T21:56:54","modified_gmt":"2024-10-29T19:56:54","slug":"unterricht","status":"publish","type":"page","link":"http:\/\/hund-und-mensch-gemeinsam.de\/?page_id=70","title":{"rendered":"Unterricht"},"content":{"rendered":"<p>Die ersten Unterrichtseinheiten mit Ihnen und Ihrem Hund beginnen mit Einzelunterricht. Hier k\u00f6nnen Sie mir Ihre Anliegen und Erwartungen schildern, sich aber auch mit den Grundlagen unserer Arbeitsweise vertraut machen. Gezielte Beobachtungen und Besch\u00e4ftigung mit Ihrem Hund erm\u00f6glichen mir, ihn kennen zu lernen, um einen individuellen Ausbildungsplan zu erstellen, aber auch um gegenseitiges Vertrauen aufzubauen.<\/p>\n<p>Der Unterricht findet auf einem eingez\u00e4unten Grundst\u00fcck statt.\u00a0Bei besonderen Schwierigkeiten &#8211; bei Ihnen zu Hause oder in bestimmten Umgebungen &#8211; helfe ich Ihnen gerne auch vor Ort.<\/p>\n<p>Nat\u00fcrlich findet auch Gruppenunterricht statt. Kleingruppen mit zwei bis max. f\u00fcnf\u00a0Hunden eignen sich, um Gehorsam unter Ablenkung\u00a0zu erlernen und zu \u00fcben. Hier bietet sich auch die M\u00f6glichkeit, durch kontrolliertes Spielen der Hunde das Sozialverhalten zu festigen.<\/p>\n<p>Es finden auch themenbezogene Kurse, wie z. B. zur Vorbereitung auf die Begleithundepr\u00fcfung oder zur F\u00e4hrtenarbeit statt.<\/p>\n<p>Ein Ziel unserer Arbeit ist es, den Hund nicht nur k\u00f6rperlich sondern auch geistig zu besch\u00e4ftigen. Bei Aufgaben wie dem Apportieren oder der Suche von Gegenst\u00e4nden\u00a0sowie Menschen, bilden wir mit dem Hund ein Team. Wir handeln somit gemeinsam und erreichen\u00a0damit eine Steigerung der Bindung.<\/p>\n","protected":false},"excerpt":{"rendered":"<p>Die ersten Unterrichtseinheiten mit Ihnen und Ihrem Hund beginnen mit Einzelunterricht. Hier k\u00f6nnen Sie mir Ihre Anliegen und Erwartungen schildern, sich aber auch mit den Grundlagen unserer Arbeitsweise vertraut machen. Gezielte Beobachtungen und Besch\u00e4ftigung mit Ihrem Hund erm\u00f6glichen mir, ihn&hellip; <\/p>\n","protected":false},"author":1,"featured_media":0,"parent":0,"menu_order":0,"comment_status":"closed","ping_status":"closed","template":"","meta":[],"_links":{"self":[{"href":"http:\/\/hund-und-mensch-gemeinsam.de\/index.php?rest_route=\/wp\/v2\/pages\/70"}],"collection":[{"href":"http:\/\/hund-und-mensch-gemeinsam.de\/index.php?rest_route=\/wp\/v2\/pages"}],"about":[{"href":"http:\/\/hund-und-mensch-gemeinsam.de\/index.php?rest_route=\/wp\/v2\/types\/page"}],"author":[{"embeddable":true,"href":"http:\/\/hund-und-mensch-gemeinsam.de\/index.php?rest_route=\/wp\/v2\/users\/1"}],"replies":[{"embeddable":true,"href":"http:\/\/hund-und-mensch-gemeinsam.de\/index.php?rest_route=%2Fwp%2Fv2%2Fcomments&post=70"}],"version-history":[{"count":7,"href":"http:\/\/hund-und-mensch-gemeinsam.de\/index.php?rest_route=\/wp\/v2\/pages\/70\/revisions"}],"predecessor-version":[{"id":175,"href":"http:\/\/hund-und-mensch-gemeinsam.de\/index.php?rest_route=\/wp\/v2\/pages\/70\/revisions\/175"}],"wp:attachment":[{"href":"http:\/\/hund-und-mensch-gemeinsam.de\/index.php?rest_route=%2Fwp%2Fv2%2Fmedia&parent=70"}],"curies":[{"name":"wp","href":"https:\/\/api.w.org\/{rel}","templated":true}]}}